{"id":149,"date":"2026-03-29T19:11:35","date_gmt":"2026-03-29T19:11:35","guid":{"rendered":"https:\/\/shanna-healing.com\/?page_id=149"},"modified":"2026-03-29T22:52:17","modified_gmt":"2026-03-29T22:52:17","slug":"connect","status":"publish","type":"page","link":"https:\/\/shanna-healing.com\/de\/connect\/","title":{"rendered":"Connect"},"content":{"rendered":"<div class=\"wp-block-uagb-container uagb-block-fb17b1cf alignfull uagb-is-root-container\"><div class=\"uagb-container-inner-blocks-wrap\">\n<div class=\"wp-block-uagb-container uagb-block-423e0f3a\">\n<p class=\"has-ast-global-color-8-color has-text-color has-link-color wp-elements-fb5f068571462a251cff80bcf2e122bd\" style=\"margin-top:0;margin-bottom:0;letter-spacing:3px\">CONTACT<\/p>\n\n\n\n<div class=\"wp-block-uagb-advanced-heading uagb-block-991729e2\"><h2 class=\"uagb-heading-text\">Let&#8217;s <em>connect<\/em>.<\/h2><\/div>\n\n\n\n<p class=\"has-text-color has-link-color wp-elements-576456da4b76d21dec0fbf02e8243670\" style=\"color:#555555;margin-top:0;margin-bottom:32px\">Whether you have a question, want to collaborate, or are ready to book \u2014 I would love to hear from you.<\/p>\n\n\n\n<div class=\"wp-block-uagb-forms uagb-forms__outer-wrap uagb-block-c82a1abd uagb-forms__medium-btn\"><form class=\"uagb-forms-main-form\" method=\"post\" autocomplete=\"on\" name=\"uagb-form-c82a1abd\" action=\"\">\n<div class=\"wp-block-uagb-forms-name uagb-forms-name-wrap uagb-forms-field-set uagb-block-b70648e1\"><div class=\"uagb-forms-name-label required uagb-forms-input-label\" id=\"b70648e1\">Full Name<\/div><input type=\"text\" placeholder=\"Dein Name\" required class=\"uagb-forms-name-input uagb-forms-input\" name=\"b70648e1\" autocomplete=\"name\"\/><\/div>\n\n\n\n<div class=\"wp-block-uagb-forms-email uagb-forms-email-wrap uagb-forms-field-set uagb-block-a4cc28d8\"><div class=\"uagb-forms-email-label required uagb-forms-input-label\" id=\"a4cc28d8\">E-Mail<\/div><input type=\"email\" class=\"uagb-forms-email-input uagb-forms-input\" placeholder=\"Deine E-Mail Adresse\" required name=\"a4cc28d8\" autocomplete=\"email\"\/><\/div>\n\n\n\n<div class=\"wp-block-uagb-forms-select uagb-forms-select-wrap uagb-forms-field-set uagb-block-60c86696\"><div class=\"uagb-forms-select-label required uagb-forms-input-label\" id=\"60c86696\">Subject<\/div><select class=\"uagb-forms-select-box uagb-forms-input\" required name=\"60c86696\"><option value=\"\" disabled selected>Select your option<\/option><option value=\"Book a LATIDO\u2122 class\">Book a LATIDO\u2122 class<\/option><option value=\"Book a 1:1 session\">Book a 1:1 session<\/option><option value=\"Mindful Leadership inquiry\">Mindful Leadership inquiry<\/option><option value=\"Collaboration \/ Partnership\">Collaboration \/ Partnership<\/option><option value=\"Media \/ Press\">Media \/ Press<\/option><option value=\"Other\">Other<\/option><\/select><\/div>\n\n\n\n<div class=\"wp-block-uagb-forms-textarea uagb-forms-textarea-wrap uagb-forms-field-set uagb-block-913f7b60\"><div class=\"uagb-forms-textarea-label required uagb-forms-input-label\" id=\"913f7b60\">Message<\/div><textarea required class=\"uagb-forms-textarea-input uagb-forms-input\" rows=\"4\" placeholder=\"Enter your message\" name=\"913f7b60\" autocomplete=\"off\"><\/textarea><\/div>\n\n\n\n<div class=\"wp-block-uagb-forms-checkbox uagb-forms-checkbox-wrap uagb-forms-field-set uagb-block-5d1bfe65\"><div class=\"uagb-forms-checkbox-label required uagb-forms-input-label\" id=\"5d1bfe65\">Ich bin damit einverstanden, E-Mails von SHANNA zu erhalten und verstehe, dass meine Daten gem\u00e4\u00df der Datenschutzrichtlinie (siehe Fu\u00dfzeile) verarbeitet werden.<\/div><input type=\"checkbox\" class=\"uagb-forms-checkbox\" id=\"checkbox--5d1bfe65\" name=\"I agree to receive emails from SHANNA and understand my data will be processed in accordance with the Privacy Policy (see footer).[]\" value=\"\" required><label for=\"checkbox--5d1bfe65\"><\/label><br\/><\/div>\n<div class=\"uagb-forms-form-hidden-data\"><input type=\"hidden\" class=\"uagb_forms_form_label\" value=\"Spectra Form\"\/><input type=\"hidden\" class=\"uagb_forms_form_id\" value=\"uagb-form-c82a1abd\"\/><\/div><div class=\"uagb-form-reacaptcha-error-c82a1abd\"><\/div><div class=\"uagb-forms-main-submit-button-wrap wp-block-button\"><button class=\"uagb-forms-main-submit-button wp-block-button__link\"><div class=\"uagb-forms-main-submit-button-text\">Send Message<\/div><\/button><\/div><input type=\"hidden\" name=\"trp-form-language\" value=\"de\"\/><\/form><div class=\"uagb-forms-success-message-c82a1abd uagb-forms-submit-message-hide\"><span>Thank you for contacting!\n\nThe form has been submitted successfully! \n\nI will be in touch very soon!<\/span><\/div><div class=\"uagb-forms-failed-message-c82a1abd uagb-forms-submit-message-hide\"><span>Beim Absenden des Formulars ist ein Fehler aufgetreten. Bitte \u00fcberpr\u00fcfe alle Formularfelder erneut.<\/span><\/div><\/div>\n<\/div>\n\n\n\n<div class=\"wp-block-uagb-container uagb-block-ec75e50c\">\n<div class=\"wp-block-uagb-container uagb-block-e10ea8a7\">\n<div class=\"wp-block-uagb-advanced-heading uagb-block-7d8df683\"><h4 class=\"uagb-heading-text\">Direct contact<\/h4><\/div>\n\n\n\n<p class=\"has-text-color has-link-color wp-elements-38c6980de4307be5195bea3780c14cc6\" style=\"color:#555555;margin-top:0;margin-bottom:0;font-size:15px\">\ud83d\udccd Bonn, Germany<\/p>\n\n\n\n<p class=\"has-text-color has-link-color wp-elements-52d85d8fab830de5e274603358ea177c\" style=\"color:#555555;margin-top:0;margin-bottom:0;font-size:15px\">\ud83c\udf10 shanna-healing.com<\/p>\n\n\n\n<p class=\"has-text-color has-link-color wp-elements-2facfe568f19e8294f19f6102a3a414d\" style=\"color:#555555;margin-top:0;margin-bottom:0;font-size:15px\">\ud83d\udde3 German \u00b7 English \u00b7 Spanish<\/p>\n\n\n\n<p class=\"has-text-color has-link-color wp-elements-04fe48c5520e64196a54f0a7b078950d\" style=\"color:#555555;margin-top:0;margin-bottom:0;font-size:15px\"><em>I usually respond within 48 hours.<\/em><\/p>\n<\/div>\n\n\n\n<div class=\"wp-block-uagb-container uagb-block-4f1b65fc\">\n<div class=\"wp-block-uagb-advanced-heading uagb-block-585c66bc\"><h4 class=\"uagb-heading-text\">Ready to start?<\/h4><\/div>\n\n\n\n<div class=\"wp-block-uagb-buttons uagb-buttons__outer-wrap uagb-btn__medium-btn uagb-btn-tablet__default-btn uagb-btn-mobile__default-btn uagb-block-6a7205c8\"><div class=\"uagb-buttons__wrap uagb-buttons-layout-wrap\">\n<div class=\"wp-block-uagb-buttons-child uagb-buttons__outer-wrap uagb-block-26934bb3 wp-block-button\"><div class=\"uagb-button__wrapper\"><a class=\"uagb-buttons-repeater wp-block-button__link\" aria-label=\"\" href=\"https:\/\/calendly.com\/shanna-latido-official\/introcall\" rel=\"follow noopener\" target=\"_blank\" role=\"button\"><div class=\"uagb-button__link\">Discovery Call buchen<\/div><\/a><\/div><\/div>\n<\/div><\/div>\n<\/div>\n\n\n\n<div class=\"wp-block-uagb-container uagb-block-7a577e8a\">\n<p class=\"has-white-color has-text-color has-link-color wp-elements-ee1837037e0db96fa92aa8c5d5af673a\" style=\"margin-top:0;margin-bottom:0;letter-spacing:3px;text-transform:uppercase\">FOLLOW &amp; share<\/p>\n\n\n\n<div class=\"wp-block-uagb-advanced-heading uagb-block-65def812\"><h4 class=\"uagb-heading-text\"><a href=\"https:\/\/www.instagram.com\/shanna.latido.official\/\">@shanna.latido.official<\/a><\/h4><\/div>\n\n\n\n<p class=\"has-ast-global-color-8-color has-text-color has-link-color wp-elements-65175e3d47dc526c08719d0bf146d30a\" style=\"font-size:15px\">Join the <a href=\"https:\/\/chat.whatsapp.com\/D45G1vIgcdFHC0i9Ce715g\"><em><strong>Living the Heal<\/strong><\/em><\/a> Community<\/p>\n<\/div>\n<\/div>\n<\/div><\/div>\n\n\n\n<div class=\"wp-block-uagb-container uagb-block-e0139eb0 alignfull uagb-is-root-container\"><div class=\"uagb-container-inner-blocks-wrap\">\n<div class=\"wp-block-uagb-advanced-heading uagb-block-7cf03479\"><h2 class=\"uagb-heading-text\"><em>Or just say hello.<\/em>\ud83c\udf38<\/h2><\/div>\n\n\n\n<p class=\"has-text-align-center has-ast-global-color-5-color has-text-color has-link-color wp-elements-6f7ad272465bad053682f98c7e3980db\">No pressure. No commitment. Just a conversation.<\/p>\n\n\n\n<ul class=\"wp-block-social-links aligncenter has-large-icon-size has-icon-color is-style-logos-only is-content-justification-center is-layout-flex wp-container-core-social-links-is-layout-20c9fe31 wp-block-social-links-is-layout-flex\" style=\"margin-top:0;margin-bottom:0\"><li style=\"color:var(--ast-global-color-8);\" class=\"wp-social-link wp-social-link-instagram has-ast-global-color-8-color wp-block-social-link\"><a href=\"https:\/\/www.instagram.com\/shanna.latido.official\/\" class=\"wp-block-social-link-anchor\"><svg width=\"24\" height=\"24\" viewbox=\"0 0 24 24\" version=\"1.1\" xmlns=\"http:\/\/www.w3.org\/2000\/svg\" aria-hidden=\"true\" focusable=\"false\"><path d=\"M12,4.622c2.403,0,2.688,0.009,3.637,0.052c0.877,0.04,1.354,0.187,1.671,0.31c0.42,0.163,0.72,0.358,1.035,0.673 c0.315,0.315,0.51,0.615,0.673,1.035c0.123,0.317,0.27,0.794,0.31,1.671c0.043,0.949,0.052,1.234,0.052,3.637 s-0.009,2.688-0.052,3.637c-0.04,0.877-0.187,1.354-0.31,1.671c-0.163,0.42-0.358,0.72-0.673,1.035 c-0.315,0.315-0.615,0.51-1.035,0.673c-0.317,0.123-0.794,0.27-1.671,0.31c-0.949,0.043-1.233,0.052-3.637,0.052 s-2.688-0.009-3.637-0.052c-0.877-0.04-1.354-0.187-1.671-0.31c-0.42-0.163-0.72-0.358-1.035-0.673 c-0.315-0.315-0.51-0.615-0.673-1.035c-0.123-0.317-0.27-0.794-0.31-1.671C4.631,14.688,4.622,14.403,4.622,12 s0.009-2.688,0.052-3.637c0.04-0.877,0.187-1.354,0.31-1.671c0.163-0.42,0.358-0.72,0.673-1.035 c0.315-0.315,0.615-0.51,1.035-0.673c0.317-0.123,0.794-0.27,1.671-0.31C9.312,4.631,9.597,4.622,12,4.622 M12,3 C9.556,3,9.249,3.01,8.289,3.054C7.331,3.098,6.677,3.25,6.105,3.472C5.513,3.702,5.011,4.01,4.511,4.511 c-0.5,0.5-0.808,1.002-1.038,1.594C3.25,6.677,3.098,7.331,3.054,8.289C3.01,9.249,3,9.556,3,12c0,2.444,0.01,2.751,0.054,3.711 c0.044,0.958,0.196,1.612,0.418,2.185c0.23,0.592,0.538,1.094,1.038,1.594c0.5,0.5,1.002,0.808,1.594,1.038 c0.572,0.222,1.227,0.375,2.185,0.418C9.249,20.99,9.556,21,12,21s2.751-0.01,3.711-0.054c0.958-0.044,1.612-0.196,2.185-0.418 c0.592-0.23,1.094-0.538,1.594-1.038c0.5-0.5,0.808-1.002,1.038-1.594c0.222-0.572,0.375-1.227,0.418-2.185 C20.99,14.751,21,14.444,21,12s-0.01-2.751-0.054-3.711c-0.044-0.958-0.196-1.612-0.418-2.185c-0.23-0.592-0.538-1.094-1.038-1.594 c-0.5-0.5-1.002-0.808-1.594-1.038c-0.572-0.222-1.227-0.375-2.185-0.418C14.751,3.01,14.444,3,12,3L12,3z M12,7.378 c-2.552,0-4.622,2.069-4.622,4.622S9.448,16.622,12,16.622s4.622-2.069,4.622-4.622S14.552,7.378,12,7.378z M12,15 c-1.657,0-3-1.343-3-3s1.343-3,3-3s3,1.343,3,3S13.657,15,12,15z M16.804,6.116c-0.596,0-1.08,0.484-1.08,1.08 s0.484,1.08,1.08,1.08c0.596,0,1.08-0.484,1.08-1.08S17.401,6.116,16.804,6.116z\"><\/path><\/svg><span class=\"wp-block-social-link-label screen-reader-text\">Instagram<\/span><\/a><\/li>\n\n<li style=\"color:var(--ast-global-color-8);\" class=\"wp-social-link wp-social-link-facebook has-ast-global-color-8-color wp-block-social-link\"><a href=\"https:\/\/www.facebook.com\/shanna.latido.official\/\" class=\"wp-block-social-link-anchor\"><svg width=\"24\" height=\"24\" viewbox=\"0 0 24 24\" version=\"1.1\" xmlns=\"http:\/\/www.w3.org\/2000\/svg\" aria-hidden=\"true\" focusable=\"false\"><path d=\"M12 2C6.5 2 2 6.5 2 12c0 5 3.7 9.1 8.4 9.9v-7H7.9V12h2.5V9.8c0-2.5 1.5-3.9 3.8-3.9 1.1 0 2.2.2 2.2.2v2.5h-1.3c-1.2 0-1.6.8-1.6 1.6V12h2.8l-.4 2.9h-2.3v7C18.3 21.1 22 17 22 12c0-5.5-4.5-10-10-10z\"><\/path><\/svg><span class=\"wp-block-social-link-label screen-reader-text\">Facebook<\/span><\/a><\/li>\n\n<li style=\"color:var(--ast-global-color-8);\" class=\"wp-social-link wp-social-link-linkedin has-ast-global-color-8-color wp-block-social-link\"><a href=\"https:\/\/www.linkedin.com\/in\/shannatgc\/\" class=\"wp-block-social-link-anchor\"><svg width=\"24\" height=\"24\" viewbox=\"0 0 24 24\" version=\"1.1\" xmlns=\"http:\/\/www.w3.org\/2000\/svg\" aria-hidden=\"true\" focusable=\"false\"><path d=\"M19.7,3H4.3C3.582,3,3,3.582,3,4.3v15.4C3,20.418,3.582,21,4.3,21h15.4c0.718,0,1.3-0.582,1.3-1.3V4.3 C21,3.582,20.418,3,19.7,3z M8.339,18.338H5.667v-8.59h2.672V18.338z M7.004,8.574c-0.857,0-1.549-0.694-1.549-1.548 c0-0.855,0.691-1.548,1.549-1.548c0.854,0,1.547,0.694,1.547,1.548C8.551,7.881,7.858,8.574,7.004,8.574z M18.339,18.338h-2.669 v-4.177c0-0.996-0.017-2.278-1.387-2.278c-1.389,0-1.601,1.086-1.601,2.206v4.249h-2.667v-8.59h2.559v1.174h0.037 c0.356-0.675,1.227-1.387,2.526-1.387c2.703,0,3.203,1.779,3.203,4.092V18.338z\"><\/path><\/svg><span class=\"wp-block-social-link-label screen-reader-text\">LinkedIn<\/span><\/a><\/li><\/ul>\n<\/div><\/div>","protected":false},"excerpt":{"rendered":"<p>CONTACT Let&#8217;s connect. Whether you have a question, want to collaborate, or are ready to book \u2014 I would love [&hellip;]<\/p>\n","protected":false},"author":1,"featured_media":0,"parent":0,"menu_order":0,"comment_status":"closed","ping_status":"closed","template":"","meta":{"_uag_custom_page_level_css":"","site-sidebar-layout":"default","site-content-layout":"","ast-site-content-layout":"default","site-content-style":"default","site-sidebar-style":"default","ast-global-header-display":"","ast-banner-title-visibility":"","ast-main-header-display":"","ast-hfb-above-header-display":"","ast-hfb-below-header-display":"","ast-hfb-mobile-header-display":"","site-post-title":"disabled","ast-breadcrumbs-content":"","ast-featured-img":"","footer-sml-layout":"","ast-disable-related-posts":"","theme-transparent-header-meta":"","adv-header-id-meta":"","stick-header-meta":"","header-above-stick-meta":"","header-main-stick-meta":"","header-below-stick-meta":"","astra-migrate-meta-layouts":"default","ast-page-background-enabled":"default","ast-page-background-meta":{"desktop":{"background-color":"var(--ast-global-color-5)","background-image":"","background-repeat":"repeat","background-position":"center center","background-size":"auto","background-attachment":"scroll","background-type":"","background-media":"","overlay-type":"","overlay-color":"","overlay-opacity":"","overlay-gradient":""},"tablet":{"background-color":"","background-image":"","background-repeat":"repeat","background-position":"center center","background-size":"auto","background-attachment":"scroll","background-type":"","background-media":"","overlay-type":"","overlay-color":"","overlay-opacity":"","overlay-gradient":""},"mobile":{"background-color":"","background-image":"","background-repeat":"repeat","background-position":"center center","background-size":"auto","background-attachment":"scroll","background-type":"","background-media":"","overlay-type":"","overlay-color":"","overlay-opacity":"","overlay-gradient":""}},"ast-content-background-meta":{"desktop":{"background-color":"var(--ast-global-color-4)","background-image":"","background-repeat":"repeat","background-position":"center center","background-size":"auto","background-attachment":"scroll","background-type":"","background-media":"","overlay-type":"","overlay-color":"","overlay-opacity":"","overlay-gradient":""},"tablet":{"background-color":"var(--ast-global-color-4)","background-image":"","background-repeat":"repeat","background-position":"center center","background-size":"auto","background-attachment":"scroll","background-type":"","background-media":"","overlay-type":"","overlay-color":"","overlay-opacity":"","overlay-gradient":""},"mobile":{"background-color":"var(--ast-global-color-4)","background-image":"","background-repeat":"repeat","background-position":"center center","background-size":"auto","background-attachment":"scroll","background-type":"","background-media":"","overlay-type":"","overlay-color":"","overlay-opacity":"","overlay-gradient":""}},"footnotes":""},"class_list":["post-149","page","type-page","status-publish","hentry"],"yoast_head":"<!-- This site is optimized with the Yoast SEO plugin v27.4 - https:\/\/yoast.com\/product\/yoast-seo-wordpress\/ -->\n<title>Connect &#8226; SHANNA<\/title>\n<meta name=\"description\" content=\"Book a free 15-minute discovery call with Shanna. Available in English, German and Spanish. Based in Bonn, Germany.\" \/>\n<meta name=\"robots\" content=\"noindex, follow, max-snippet:-1, max-image-preview:large, max-video-preview:-1\" \/>\n<meta property=\"og:locale\" content=\"de_DE\" \/>\n<meta property=\"og:type\" content=\"article\" \/>\n<meta property=\"og:title\" content=\"Connect &#8226; SHANNA\" \/>\n<meta property=\"og:description\" content=\"Book a free 15-minute discovery call with Shanna. Available in English, German and Spanish. Based in Bonn, Germany.\" \/>\n<meta property=\"og:url\" content=\"https:\/\/shanna-healing.com\/de\/connect\/\" \/>\n<meta property=\"og:site_name\" content=\"SHANNA\" \/>\n<meta property=\"article:modified_time\" content=\"2026-03-29T22:52:17+00:00\" \/>\n<meta name=\"twitter:card\" content=\"summary_large_image\" \/>\n<meta name=\"twitter:label1\" content=\"Gesch\u00e4tzte Lesezeit\" \/>\n\t<meta name=\"twitter:data1\" content=\"1\u00a0Minute\" \/>\n<script type=\"application\/ld+json\" class=\"yoast-schema-graph\">{\"@context\":\"https:\\\/\\\/schema.org\",\"@graph\":[{\"@type\":\"WebPage\",\"@id\":\"https:\\\/\\\/shanna-healing.com\\\/connect\\\/\",\"url\":\"https:\\\/\\\/shanna-healing.com\\\/connect\\\/\",\"name\":\"Connect &#8226; SHANNA\",\"isPartOf\":{\"@id\":\"https:\\\/\\\/shanna-healing.com\\\/#website\"},\"datePublished\":\"2026-03-29T19:11:35+00:00\",\"dateModified\":\"2026-03-29T22:52:17+00:00\",\"description\":\"Book a free 15-minute discovery call with Shanna. Available in English, German and Spanish. Based in Bonn, Germany.\",\"breadcrumb\":{\"@id\":\"https:\\\/\\\/shanna-healing.com\\\/connect\\\/#breadcrumb\"},\"inLanguage\":\"de\",\"potentialAction\":[{\"@type\":\"ReadAction\",\"target\":[\"https:\\\/\\\/shanna-healing.com\\\/connect\\\/\"]}]},{\"@type\":\"BreadcrumbList\",\"@id\":\"https:\\\/\\\/shanna-healing.com\\\/connect\\\/#breadcrumb\",\"itemListElement\":[{\"@type\":\"ListItem\",\"position\":1,\"name\":\"Home\",\"item\":\"https:\\\/\\\/shanna-healing.com\\\/\"},{\"@type\":\"ListItem\",\"position\":2,\"name\":\"Connect\"}]},{\"@type\":\"WebSite\",\"@id\":\"https:\\\/\\\/shanna-healing.com\\\/#website\",\"url\":\"https:\\\/\\\/shanna-healing.com\\\/\",\"name\":\"Shanna | Move \u00b7 Feel \u00b7 Heal\",\"description\":\"Somatic Movement &amp; Mindful Leadership Coach in Bonn\",\"publisher\":{\"@id\":\"https:\\\/\\\/shanna-healing.com\\\/#\\\/schema\\\/person\\\/34473113373f1dc97c0b5b56479f10d6\"},\"potentialAction\":[{\"@type\":\"SearchAction\",\"target\":{\"@type\":\"EntryPoint\",\"urlTemplate\":\"https:\\\/\\\/shanna-healing.com\\\/?s={search_term_string}\"},\"query-input\":{\"@type\":\"PropertyValueSpecification\",\"valueRequired\":true,\"valueName\":\"search_term_string\"}}],\"inLanguage\":\"de\"},{\"@type\":[\"Person\",\"Organization\"],\"@id\":\"https:\\\/\\\/shanna-healing.com\\\/#\\\/schema\\\/person\\\/34473113373f1dc97c0b5b56479f10d6\",\"name\":\"hello.sharinnenathalie@gmail.com\",\"image\":{\"@type\":\"ImageObject\",\"inLanguage\":\"de\",\"@id\":\"https:\\\/\\\/shanna-healing.com\\\/wp-content\\\/uploads\\\/2026\\\/03\\\/cropped-Logo-Icon-Shanna-26.png\",\"url\":\"https:\\\/\\\/shanna-healing.com\\\/wp-content\\\/uploads\\\/2026\\\/03\\\/cropped-Logo-Icon-Shanna-26.png\",\"contentUrl\":\"https:\\\/\\\/shanna-healing.com\\\/wp-content\\\/uploads\\\/2026\\\/03\\\/cropped-Logo-Icon-Shanna-26.png\",\"width\":512,\"height\":512,\"caption\":\"hello.sharinnenathalie@gmail.com\"},\"logo\":{\"@id\":\"https:\\\/\\\/shanna-healing.com\\\/wp-content\\\/uploads\\\/2026\\\/03\\\/cropped-Logo-Icon-Shanna-26.png\"},\"sameAs\":[\"https:\\\/\\\/shanna-healing.com\"]}]}<\/script>\n<!-- \/ Yoast SEO plugin. -->","yoast_head_json":{"title":"Connect &#8226; SHANNA","description":"Book a free 15-minute discovery call with Shanna. Available in English, German and Spanish. Based in Bonn, Germany.","robots":{"index":"noindex","follow":"follow","max-snippet":"max-snippet:-1","max-image-preview":"max-image-preview:large","max-video-preview":"max-video-preview:-1"},"og_locale":"de_DE","og_type":"article","og_title":"Connect &#8226; SHANNA","og_description":"Book a free 15-minute discovery call with Shanna. Available in English, German and Spanish. Based in Bonn, Germany.","og_url":"https:\/\/shanna-healing.com\/de\/connect\/","og_site_name":"SHANNA","article_modified_time":"2026-03-29T22:52:17+00:00","twitter_card":"summary_large_image","twitter_misc":{"Gesch\u00e4tzte Lesezeit":"1\u00a0Minute"},"schema":{"@context":"https:\/\/schema.org","@graph":[{"@type":"WebPage","@id":"https:\/\/shanna-healing.com\/connect\/","url":"https:\/\/shanna-healing.com\/connect\/","name":"Connect &#8226; SHANNA","isPartOf":{"@id":"https:\/\/shanna-healing.com\/#website"},"datePublished":"2026-03-29T19:11:35+00:00","dateModified":"2026-03-29T22:52:17+00:00","description":"Book a free 15-minute discovery call with Shanna. Available in English, German and Spanish. Based in Bonn, Germany.","breadcrumb":{"@id":"https:\/\/shanna-healing.com\/connect\/#breadcrumb"},"inLanguage":"de","potentialAction":[{"@type":"ReadAction","target":["https:\/\/shanna-healing.com\/connect\/"]}]},{"@type":"BreadcrumbList","@id":"https:\/\/shanna-healing.com\/connect\/#breadcrumb","itemListElement":[{"@type":"ListItem","position":1,"name":"Home","item":"https:\/\/shanna-healing.com\/"},{"@type":"ListItem","position":2,"name":"Connect"}]},{"@type":"WebSite","@id":"https:\/\/shanna-healing.com\/#website","url":"https:\/\/shanna-healing.com\/","name":"Shanna | Move \u00b7 Feel \u00b7 Heal","description":"Somatische Bewegungs- und Achtsamkeits-F\u00fchrungscoach in Bonn","publisher":{"@id":"https:\/\/shanna-healing.com\/#\/schema\/person\/34473113373f1dc97c0b5b56479f10d6"},"potentialAction":[{"@type":"SearchAction","target":{"@type":"EntryPoint","urlTemplate":"https:\/\/shanna-healing.com\/?s={search_term_string}"},"query-input":{"@type":"PropertyValueSpecification","valueRequired":true,"valueName":"search_term_string"}}],"inLanguage":"de"},{"@type":["Person","Organization"],"@id":"https:\/\/shanna-healing.com\/#\/schema\/person\/34473113373f1dc97c0b5b56479f10d6","name":"hello.sharinnenathalie@gmail.com","image":{"@type":"ImageObject","inLanguage":"de","@id":"https:\/\/shanna-healing.com\/wp-content\/uploads\/2026\/03\/cropped-Logo-Icon-Shanna-26.png","url":"https:\/\/shanna-healing.com\/wp-content\/uploads\/2026\/03\/cropped-Logo-Icon-Shanna-26.png","contentUrl":"https:\/\/shanna-healing.com\/wp-content\/uploads\/2026\/03\/cropped-Logo-Icon-Shanna-26.png","width":512,"height":512,"caption":"hello.sharinnenathalie@gmail.com"},"logo":{"@id":"https:\/\/shanna-healing.com\/wp-content\/uploads\/2026\/03\/cropped-Logo-Icon-Shanna-26.png"},"sameAs":["https:\/\/shanna-healing.com"]}]}},"_hostinger_reach_plugin_has_subscription_block":false,"_hostinger_reach_plugin_is_elementor":false,"uagb_featured_image_src":{"full":false,"thumbnail":false,"medium":false,"medium_large":false,"large":false,"1536x1536":false,"2048x2048":false,"trp-custom-language-flag":false},"uagb_author_info":{"display_name":"hello.sharinnenathalie@gmail.com","author_link":"https:\/\/shanna-healing.com\/de\/author\/hello-sharinnenathaliegmail-com\/"},"uagb_comment_info":0,"uagb_excerpt":"CONTACT Let&#8217;s connect. Whether you have a question, want to collaborate, or are ready to book \u2014 I would love [&hellip;]","_links":{"self":[{"href":"https:\/\/shanna-healing.com\/de\/wp-json\/wp\/v2\/pages\/149","targetHints":{"allow":["GET"]}}],"collection":[{"href":"https:\/\/shanna-healing.com\/de\/wp-json\/wp\/v2\/pages"}],"about":[{"href":"https:\/\/shanna-healing.com\/de\/wp-json\/wp\/v2\/types\/page"}],"author":[{"embeddable":true,"href":"https:\/\/shanna-healing.com\/de\/wp-json\/wp\/v2\/users\/1"}],"replies":[{"embeddable":true,"href":"https:\/\/shanna-healing.com\/de\/wp-json\/wp\/v2\/comments?post=149"}],"version-history":[{"count":8,"href":"https:\/\/shanna-healing.com\/de\/wp-json\/wp\/v2\/pages\/149\/revisions"}],"predecessor-version":[{"id":220,"href":"https:\/\/shanna-healing.com\/de\/wp-json\/wp\/v2\/pages\/149\/revisions\/220"}],"wp:attachment":[{"href":"https:\/\/shanna-healing.com\/de\/wp-json\/wp\/v2\/media?parent=149"}],"curies":[{"name":"wp","href":"https:\/\/api.w.org\/{rel}","templated":true}]}}